{"id":473,"date":"2018-10-11T09:36:15","date_gmt":"2018-10-11T07:36:15","guid":{"rendered":"http:\/\/www.schulemieste.de\/?page_id=473"},"modified":"2026-03-23T11:15:53","modified_gmt":"2026-03-23T10:15:53","slug":"datenschutzerklaerung","status":"publish","type":"page","link":"http:\/\/www.schulemieste.de\/?page_id=473","title":{"rendered":"Datenschutz"},"content":{"rendered":"<p><span style=\"color: #000080;\">Hier k\u00f6nnen Sie die Datenschutzerkl\u00e4rung als PDF anschauen:<\/span><\/p>\n<p><a href=\"http:\/\/www.schulemieste.de\/wp-content\/uploads\/2016\/06\/datenschutzerklaerung-shb.pdf\">Datenschutzerkl\u00e4rung<\/a><\/p>\n<p><span style=\"color: #000080;\">Kontakt Datenschutzbeauftragter:<\/span><\/p>\n<pre>Andreas Merkel\nTurmschanzenstra\u00dfe 32\n39114 Magdeburg\n0391\/567-5889\nandreas.merkel@sachsen-anhalt.de<\/pre>\n<p>schulemieste.de<\/p>\n","protected":false},"excerpt":{"rendered":"<p>Hier k\u00f6nnen Sie die Datenschutzerkl\u00e4rung als PDF anschauen: Datenschutzerkl\u00e4rung Kontakt Datenschutzbeauftragter: Andreas Merkel Turmschanzenstra\u00dfe 32 39114 Magdeburg 0391\/567-5889 andreas.merkel@sachsen-anhalt.de schulemieste.de<\/p>\n","protected":false},"author":1,"featured_media":0,"parent":0,"menu_order":6,"comment_status":"closed","ping_status":"closed","template":"","meta":[],"_links":{"self":[{"href":"http:\/\/www.schulemieste.de\/index.php?rest_route=\/wp\/v2\/pages\/473"}],"collection":[{"href":"http:\/\/www.schulemieste.de\/index.php?rest_route=\/wp\/v2\/pages"}],"about":[{"href":"http:\/\/www.schulemieste.de\/index.php?rest_route=\/wp\/v2\/types\/page"}],"author":[{"embeddable":true,"href":"http:\/\/www.schulemieste.de\/index.php?rest_route=\/wp\/v2\/users\/1"}],"replies":[{"embeddable":true,"href":"http:\/\/www.schulemieste.de\/index.php?rest_route=%2Fwp%2Fv2%2Fcomments&post=473"}],"version-history":[{"count":5,"href":"http:\/\/www.schulemieste.de\/index.php?rest_route=\/wp\/v2\/pages\/473\/revisions"}],"predecessor-version":[{"id":12756,"href":"http:\/\/www.schulemieste.de\/index.php?rest_route=\/wp\/v2\/pages\/473\/revisions\/12756"}],"wp:attachment":[{"href":"http:\/\/www.schulemieste.de\/index.php?rest_route=%2Fwp%2Fv2%2Fmedia&parent=473"}],"curies":[{"name":"wp","href":"https:\/\/api.w.org\/{rel}","templated":true}]}}