{"id":51,"date":"2016-06-28T21:40:07","date_gmt":"2016-06-28T19:40:07","guid":{"rendered":"http:\/\/www.schulemieste.de\/?page_id=51"},"modified":"2025-04-08T19:51:48","modified_gmt":"2025-04-08T17:51:48","slug":"impressum","status":"publish","type":"page","link":"http:\/\/www.schulemieste.de\/?page_id=51","title":{"rendered":"Impressum"},"content":{"rendered":"<p><strong>Sekundarschule \u201eAm Dr\u00f6mling\u201c<\/strong><\/p>\n<p>Schulleiterin: Frau I. Passiel<\/p>\n<p>Schillerstra\u00dfe 21<\/p>\n<p>39649 Hansestadt Gardelegen OT Mieste<\/p>\n<p>Tel.: 039082 422<\/p>\n<p>Fax:\u00a0039082 98214<\/p>\n<p>E-Mail:\u00a0kontakt@sks-mieste.bildung-lsa.de<\/p>\n<p>Internet: www.schulemieste.de<\/p>\n<p>Webmaster: E. Bombach<\/p>\n<p><strong>Haftungsausschluss:<\/strong><\/p>\n<p>Eine Garantie f\u00fcr die Aktualit\u00e4t, Vollst\u00e4ndigkeit oder Korrektheit der bereitgestellten Informationen ist ausgeschlossen. Haftungsanspr\u00fcche gegen den Anbieter sind grunds\u00e4tzlich ausgeschlossen, sofern seitens des Anbieters kein nachweislich vors\u00e4tzliches Verschulden vorliegt. Alle Angebote sind unverbindlich. Der Anbieter beh\u00e4lt es sich vor, die Seiten ohne Ank\u00fcndigung zu ver\u00e4ndern oder die Ver\u00f6ffentlichung einzustellen.<\/p>\n<p>Bei Verweisen auf fremde Internetseiten (Links), die au\u00dferhalb des Verantwortungsbereiches des Anbieters liegen, wird ebenfalls keinen Haftung \u00fcbernommen.<\/p>\n<p>Der Anbieter ist bestrebt, in allen Publikationen die Urheberrechte der verwendeten Grafiken oder Texte zu beachten.<\/p>\n<p>Der Inhalt der Internetseite ist urheberrechtlich gesch\u00fctzt.\u00a0Eine Vervielf\u00e4ltigung oder Verwendung \u00a0von Grafiken oder Texten der Internetseite ist ohne Zustimmung des Anbieters nicht gestattet.<\/p>\n","protected":false},"excerpt":{"rendered":"<p>Sekundarschule \u201eAm Dr\u00f6mling\u201c Schulleiterin: Frau I. Passiel Schillerstra\u00dfe 21 39649 Hansestadt Gardelegen OT Mieste Tel.: 039082 422 Fax:\u00a0039082 98214 E-Mail:\u00a0kontakt@sks-mieste.bildung-lsa.de Internet: www.schulemieste.de Webmaster: E. Bombach Haftungsausschluss: Eine Garantie f\u00fcr die Aktualit\u00e4t, Vollst\u00e4ndigkeit oder Korrektheit der bereitgestellten Informationen ist ausgeschlossen. Haftungsanspr\u00fcche gegen den Anbieter sind grunds\u00e4tzlich ausgeschlossen, sofern seitens des Anbieters kein nachweislich vors\u00e4tzliches Verschulden vorliegt. &hellip; <a href=\"http:\/\/www.schulemieste.de\/?page_id=51\" class=\"more-link\"><span class=\"screen-reader-text\">Impressum<\/span> weiterlesen <span class=\"meta-nav\">&rarr;<\/span><\/a><\/p>\n","protected":false},"author":1,"featured_media":0,"parent":0,"menu_order":5,"comment_status":"closed","ping_status":"closed","template":"","meta":[],"_links":{"self":[{"href":"http:\/\/www.schulemieste.de\/index.php?rest_route=\/wp\/v2\/pages\/51"}],"collection":[{"href":"http:\/\/www.schulemieste.de\/index.php?rest_route=\/wp\/v2\/pages"}],"about":[{"href":"http:\/\/www.schulemieste.de\/index.php?rest_route=\/wp\/v2\/types\/page"}],"author":[{"embeddable":true,"href":"http:\/\/www.schulemieste.de\/index.php?rest_route=\/wp\/v2\/users\/1"}],"replies":[{"embeddable":true,"href":"http:\/\/www.schulemieste.de\/index.php?rest_route=%2Fwp%2Fv2%2Fcomments&post=51"}],"version-history":[{"count":11,"href":"http:\/\/www.schulemieste.de\/index.php?rest_route=\/wp\/v2\/pages\/51\/revisions"}],"predecessor-version":[{"id":11054,"href":"http:\/\/www.schulemieste.de\/index.php?rest_route=\/wp\/v2\/pages\/51\/revisions\/11054"}],"wp:attachment":[{"href":"http:\/\/www.schulemieste.de\/index.php?rest_route=%2Fwp%2Fv2%2Fmedia&parent=51"}],"curies":[{"name":"wp","href":"https:\/\/api.w.org\/{rel}","templated":true}]}}